{"id":248,"date":"2016-07-02T15:37:58","date_gmt":"2016-07-02T14:37:58","guid":{"rendered":"http:\/\/permisnantes.fr\/?page_id=248"},"modified":"2026-01-29T17:43:50","modified_gmt":"2026-01-29T16:43:50","slug":"inscription-dossier","status":"publish","type":"page","link":"https:\/\/permisnantes.fr\/index.php\/inscription-dossier\/","title":{"rendered":"Inscription &#8211; Dossier &#8211; Donnez votre avis"},"content":{"rendered":"<p style=\"text-align: center;\">Afin de constituer un dossier d&rsquo;inscription, les pi\u00e8ces n\u00e9cessaires requises par la pr\u00e9fecture sont :<\/p>\n<p style=\"text-align: center;\">_______________<\/p>\n<h3 style=\"text-align: center;\">Pour le PERMIS B TRADITIONNEL et la CONDUITE ACCOMPAGNEE (AAC)<\/h3>\n<p style=\"text-align: center;\">4 E-Photos d&rsquo;identit\u00e9 sp\u00e9ciales permis de conduire*<br \/>Copie Recto Verso de la pi\u00e8ce d&rsquo;identit\u00e9<br \/>Copie\u00a0JDC &#8211; Journ\u00e9e Citoyenne (de 18 \u00e0\u00a025ans)<br \/>1 justificatif de domicile de moins de 3 mois (EDF ou T\u00e9l\u00e9phone portable)<br \/>Copie Recto verso de la pi\u00e8ce d&rsquo;identit\u00e9 de l&rsquo;h\u00e9bergeant<br \/>Attestation d&rsquo;h\u00e9bergement dat\u00e9e et sign\u00e9e<\/p>\n<p style=\"text-align: center;\">\u00a0ASSR2<\/p>\n<p style=\"text-align: center;\">_______________<\/p>\n<p>\u00a0<\/p>\n<p style=\"text-align: center;\">* E-photo avec signature num\u00e9rique r\u00e9alisable en cabine photomaton sp\u00e9cialis\u00e9e : <a href=\"https:\/\/permisdeconduire.ants.gouv.fr\/Services-associes\/Ou-faire-ma-photo-et-ma-signature-numerisee?addressData%5Brue%5D=&amp;addressData%5Bzipcode%5D=44300&amp;addressData%5Bcity%5D=&amp;displayMap=1&amp;zone%5Blati%5D=47.2482829&amp;zone%5Blong%5D=-1.5439361&amp;zone%5Bzoom%5D=11\">O\u00f9 les faire ?<\/a><\/p>\n<p style=\"text-align: center;\">_______________<\/p>\n<p style=\"text-align: center;\">SI VOUS AVEZ D\u00c9J\u00c0 CR\u00c9ER VOTRE DOSSIER SUR <strong>ANTS<\/strong>, NOUS AVONS\u00a0<strong>SEULEMENT<\/strong> BESOIN DE VOTRE DOSSIER D&rsquo;INSCRIPTION ET R\u00c9SULTAT DE CODE\u00a0<strong>SI<\/strong> D\u00c9J\u00c0 OBTENU.<\/p>\n<p>\u00a0<\/p>\n<p>\u00a0<\/p>\n<h3 style=\"text-align: center;\">DONNEZ VOTRE AVIS !<\/h3>\n<p style=\"text-align: center;\">Vous avez pass\u00e9 votre permis dans notre \u00e9tablissement ? Vous souhaitez consulter les avis des anciens \u00e9l\u00e8ves de notre auto-\u00e9cole ?<\/p>\n<p style=\"text-align: center;\"><span style=\"color: #ff0000;\"><a style=\"color: #ff0000;\" href=\"https:\/\/www.vroomvroom.fr\/auto-ecoles\/loire-atlantique\/nantes\/auto-ecole-pilote?filter=unverified#avis\"><em><span style=\"text-decoration: underline;\"><strong>C&rsquo;est ici ! Avec notre partenaire officiel \u00a0\u00a0 www.vroomvroom.fr\u00a0<\/strong><\/span><\/em><\/a><\/span><\/p>\n<p style=\"text-align: center;\"><span style=\"color: #ff0000;\"><em><span style=\"text-decoration: underline;\"><strong><a style=\"color: #ff0000; text-decoration: underline;\" href=\"https:\/\/www.google.fr\/search?q=auto+ecole+pilote+nantes&amp;rlz=1C1CHBF_frFR797FR797&amp;oq=auto+ecole+pilote+nantes&amp;aqs=chrome..69i57j69i60l3j0j69i64.4134j0j7&amp;sourceid=chrome&amp;ie=UTF-8#lrd=0x4805ee9b8e13fc77:0xae87e312c5e0a318,1,,,\">AVIS GOOGLE<\/a><\/strong><\/span><\/em><\/span><br \/><span style=\"color: #ff0000;\"> <em><span style=\"text-decoration: underline;\"><strong><a style=\"color: #ff0000; text-decoration: underline;\" href=\"https:\/\/www.vroomvroom.fr\/auto-ecoles\/loire-atlantique\/nantes\/auto-ecole-pilote?filter=unverified#avis\">AVIS VROOMVROOM<\/a><\/strong><\/span><\/em><\/span><\/p>\n<p style=\"text-align: center;\">_______________<\/p>\n<p style=\"text-align: center;\"><span style=\"text-decoration: underline;\"><em><strong><span style=\"color: #0000ff; text-decoration: underline;\">Vous souhaitez connaitre plus en d\u00e9tails nos taux de r\u00e9ussite ? Les diff\u00e9rences AAC\/B ? <\/span><\/strong><\/em><\/span><br \/><span style=\"text-decoration: underline;\"><em><strong><span style=\"color: #0000ff; text-decoration: underline;\">Contactez-nous par mail, \u00e0 <a style=\"color: #0000ff; text-decoration: underline;\" href=\"mailto:permisnantes@gmail.com\">permisnantes@gmail.com<\/a> !<\/span> <\/strong><\/em><\/span><\/p>\n<p style=\"text-align: center;\">_______________<\/p>\n<p style=\"text-align: center;\"><span style=\"color: #ff6600;\"><a style=\"color: #ff6600;\" href=\"http:\/\/permisnantes.fr\/index.php\/328-2\/\"><em><span style=\"text-decoration: underline;\"><strong>Informations n\u00e9cessaires au public <\/strong><\/span><\/em><\/a><\/span><br \/><span style=\"color: #ff6600;\"> <em><span style=\"text-decoration: underline;\"><strong>(d\u00e9roulement des formations, conseils pratiques pr\u00e9\/post formation, <\/strong><\/span><\/em><\/span><br \/><span style=\"color: #ff6600;\"> <em><span style=\"text-decoration: underline;\"><strong>pr\u00e9sentation des moniteurs, des diff\u00e9rentes cat\u00e9gories de permis, documents officiels, &#8230;)<\/strong><\/span><\/em><\/span><br \/><em><span style=\"text-decoration: underline;\"><strong><span style=\"color: #0000ff; text-decoration: underline;\">&gt;&gt;&gt;\u00a0 ICI &lt;&lt;&lt;<\/span><\/strong><\/span><\/em><\/p>\n<p style=\"text-align: center;\">_______________<\/p>\n<p style=\"text-align: center;\"><em><strong>\u00a0&#8211; AUTO ECOLE PILOTE NANTES &#8211;<\/strong><\/em><\/p>\n<p style=\"text-align: center;\"><em><strong>CONTACT MAIL : permisnantes@gmail.com<\/strong><\/em><\/p>\n<p style=\"text-align: center;\"><em><strong>21 Boulevard Amiral Courbet,\u00a044000 NANTES<\/strong><\/em><\/p>\n<p style=\"text-align: center;\"><em><strong>Tram Ligne 2 Motte-Rouge &amp; St F\u00e9lix, <\/strong><\/em><em><strong>quartier Michelet, Perverie, Rond-Point de Rennes<\/strong><\/em><\/p>\n\n\n<p><\/p>\n","protected":false},"excerpt":{"rendered":"<p>Afin de constituer un dossier d&rsquo;inscription, les pi\u00e8ces n\u00e9cessaires requises par la pr\u00e9fecture sont : _______________ Pour le PERMIS B TRADITIONNEL et la CONDUITE ACCOMPAGNEE (AAC) 4 E-Photos d&rsquo;identit\u00e9 sp\u00e9ciales permis de conduire*Copie Recto Verso de la pi\u00e8ce d&rsquo;identit\u00e9Copie\u00a0JDC &#8211; <a class=\"more-link\" href=\"https:\/\/permisnantes.fr\/index.php\/inscription-dossier\/\">Lire plus<\/a><\/p>\n","protected":false},"author":1,"featured_media":250,"parent":0,"menu_order":0,"comment_status":"closed","ping_status":"closed","template":"","meta":[],"_links":{"self":[{"href":"https:\/\/permisnantes.fr\/index.php\/wp-json\/wp\/v2\/pages\/248"}],"collection":[{"href":"https:\/\/permisnantes.fr\/index.php\/wp-json\/wp\/v2\/pages"}],"about":[{"href":"https:\/\/permisnantes.fr\/index.php\/wp-json\/wp\/v2\/types\/page"}],"author":[{"embeddable":true,"href":"https:\/\/permisnantes.fr\/index.php\/wp-json\/wp\/v2\/users\/1"}],"replies":[{"embeddable":true,"href":"https:\/\/permisnantes.fr\/index.php\/wp-json\/wp\/v2\/comments?post=248"}],"version-history":[{"count":19,"href":"https:\/\/permisnantes.fr\/index.php\/wp-json\/wp\/v2\/pages\/248\/revisions"}],"predecessor-version":[{"id":527,"href":"https:\/\/permisnantes.fr\/index.php\/wp-json\/wp\/v2\/pages\/248\/revisions\/527"}],"wp:featuredmedia":[{"embeddable":true,"href":"https:\/\/permisnantes.fr\/index.php\/wp-json\/wp\/v2\/media\/250"}],"wp:attachment":[{"href":"https:\/\/permisnantes.fr\/index.php\/wp-json\/wp\/v2\/media?parent=248"}],"curies":[{"name":"wp","href":"https:\/\/api.w.org\/{rel}","templated":true}]}}