{"id":298,"date":"2017-01-15T19:32:42","date_gmt":"2017-01-15T18:32:42","guid":{"rendered":"http:\/\/permisnantes.fr\/?page_id=298"},"modified":"2026-04-30T16:41:52","modified_gmt":"2026-04-30T15:41:52","slug":"permis-de-conduire-b-boite-automatique","status":"publish","type":"page","link":"https:\/\/permisnantes.fr\/index.php\/permis-de-conduire-b-boite-automatique\/","title":{"rendered":"Permis de conduire B &#8211; BOITE AUTOMATIQUE"},"content":{"rendered":"<p style=\"text-align: center;\">\n<p style=\"text-align: center;\"><em><strong><img decoding=\"async\" loading=\"lazy\" class=\"alignnone  wp-image-522\" src=\"http:\/\/permisnantes.fr\/wp-content\/uploads\/2026\/01\/file_000000003eac722fbcef06c35254f6ad-300x200.png\" alt=\"\" width=\"509\" height=\"340\" srcset=\"https:\/\/permisnantes.fr\/wp-content\/uploads\/2026\/01\/file_000000003eac722fbcef06c35254f6ad-300x200.png 300w, https:\/\/permisnantes.fr\/wp-content\/uploads\/2026\/01\/file_000000003eac722fbcef06c35254f6ad-1024x683.png 1024w, https:\/\/permisnantes.fr\/wp-content\/uploads\/2026\/01\/file_000000003eac722fbcef06c35254f6ad-768x512.png 768w, https:\/\/permisnantes.fr\/wp-content\/uploads\/2026\/01\/file_000000003eac722fbcef06c35254f6ad.png 1536w\" sizes=\"(max-width: 509px) 100vw, 509px\" \/><\/strong><\/em><\/p>\n<p style=\"text-align: center;\"><em><strong>PERMIS COMPLET<br \/>\n<\/strong><\/em><\/p>\n<p style=\"text-align: center;\">Depuis le 1er Janvier 2017, le minimum d&rsquo;heures l\u00e9gal de conduite pour passer le permis de conduire \u00a0en <strong>boite automatique<\/strong> est pass\u00e9 de 20h, \u00e0 <strong>13h<\/strong>.<br \/>\n<em>Ce qui en plus d&rsquo;\u00eatre bien plus simple que le permis boite manuelle, rend l&rsquo;<strong>acc\u00e8s au permis plus rapide, et moins cher !<br \/>\n<\/strong><\/em><em>Pour ceux qui d\u00e9sirent conduire un v\u00e9hicule \u00e0 boite manuelle par la suite,<br \/>\n<\/em><em>apr\u00e8s l&rsquo;obtention du permis boite automatique, il suffit de faire un stage d&rsquo;une dur\u00e9e de 7h sur boite manuelle dans auto-\u00e9cole \u00ab\u00a0LABELLISEE\u00a0\u00bb,<br \/>\n<\/em><em>afin de transformer instantan\u00e9ment votre permis restrictif, en permis traditionnel.<\/em><\/p>\n<p style=\"text-align: center;\"><em>La validation vers la boite manuelle est une formation d&rsquo;une <\/em><span style=\"text-decoration: underline;\"><strong>dur\u00e9e totale de 7h.<\/strong><\/span><\/p>\n<p style=\"text-align: center;\"><em>&#8212;&#8212;&#8212;-<br \/>\n<\/em><\/p>\n<p style=\"text-align: center;\"><label>Inscription :<\/label> 150<span class=\"tarifs-item-price\"> \u20ac<br \/>\n(Frais de gestion administrative)<br \/>\n<\/span><\/p>\n<p style=\"text-align: center;\">&#8212;&#8212;&#8212;-<\/p>\n<p style=\"text-align: center;\">Formation au code de la route : 100\u20ac<\/p>\n<p style=\"text-align: center;\"><em><strong>PARTIE CONDUITE<\/strong><\/em><\/p>\n<p class=\"tarifs-item\" style=\"text-align: center;\"><label>\u00c9valuation de conduite :<\/label> <span class=\"tarifs-item-price\">65 \u20ac<\/span><br \/>\n<label>Heure de conduite \u00e0 l&rsquo;unit\u00e9 :<\/label> <span class=\"tarifs-item-price\">65 \u20ac<br \/>\n<\/span><label>Examen du permis de conduire\u00a0:<\/label> 65 <span class=\"tarifs-item-price\">\u20ac<\/span><\/p>\n<p class=\"tarifs-item\" style=\"text-align: center;\"><span class=\"tarifs-item-price\">&#8212;&#8212;&#8212;-<\/span><\/p>\n<p style=\"text-align: center;\"><em><strong><span class=\"tarifs-item-price\"><label>TOTAL pour une formation COMPL\u00c8TE <span class=\"information\">avec 13h <\/span><\/label><\/span><\/strong><span class=\"tarifs-item-price\"><label><span class=\"information\">(obligatoires minimum en automatique) de conduite<\/span><\/label><\/span><span class=\"tarifs-item-price\"><label> :<\/label><\/span><span class=\"tarifs-item-price\"> \u00a0 1225 <\/span><strong><span class=\"tarifs-item-price\">\u20ac*<\/span><\/strong><\/em><\/p>\n<h4 style=\"text-align: center;\"><a href=\"http:\/\/permisnantes.fr\/index.php\/inscription-dossier\/\"><strong><em>PI\u00c8CES A FOURNIR &#8211; DOSSIER D&rsquo;INSCRIPTION<\/em><\/strong><\/a><\/h4>\n<p style=\"text-align: center;\"><em><strong>CONTACT MAIL : permisnantes@gmail.com<\/strong><\/em><\/p>\n<p style=\"text-align: center;\"><em><strong>\u00a0&#8211; AUTO ECOLE PILOTE NANTES &#8211;<\/strong><\/em><\/p>\n<p style=\"text-align: center;\"><em><strong>21 Boulevard Amiral Courbet,\u00a044000 NANTES<\/strong><\/em><\/p>\n<p style=\"text-align: center;\"><em><strong>Tram Ligne 2 Motte-Rouge &amp; St F\u00e9lix, <\/strong><\/em><em><strong>quartier Michelet, Perverie, Rond-Point de Rennes<\/strong><\/em><\/p>\n<p class=\"tarifs-item\" style=\"text-align: center;\"><em>* Toutes les sommes indiqu\u00e9es\u00a0sur le site internet sont exprim\u00e9es \u00ab\u00a0Toutes Taxes Comprises\u00a0\u00bb (TTC).<\/em><\/p>\n","protected":false},"excerpt":{"rendered":"<p>PERMIS COMPLET Depuis le 1er Janvier 2017, le minimum d&rsquo;heures l\u00e9gal de conduite pour passer le permis de conduire \u00a0en boite automatique est pass\u00e9 de 20h, \u00e0 13h. Ce qui en plus d&rsquo;\u00eatre bien plus simple que le permis boite <a class=\"more-link\" href=\"https:\/\/permisnantes.fr\/index.php\/permis-de-conduire-b-boite-automatique\/\">Lire plus<\/a><\/p>\n","protected":false},"author":1,"featured_media":0,"parent":0,"menu_order":0,"comment_status":"closed","ping_status":"closed","template":"","meta":[],"_links":{"self":[{"href":"https:\/\/permisnantes.fr\/index.php\/wp-json\/wp\/v2\/pages\/298"}],"collection":[{"href":"https:\/\/permisnantes.fr\/index.php\/wp-json\/wp\/v2\/pages"}],"about":[{"href":"https:\/\/permisnantes.fr\/index.php\/wp-json\/wp\/v2\/types\/page"}],"author":[{"embeddable":true,"href":"https:\/\/permisnantes.fr\/index.php\/wp-json\/wp\/v2\/users\/1"}],"replies":[{"embeddable":true,"href":"https:\/\/permisnantes.fr\/index.php\/wp-json\/wp\/v2\/comments?post=298"}],"version-history":[{"count":20,"href":"https:\/\/permisnantes.fr\/index.php\/wp-json\/wp\/v2\/pages\/298\/revisions"}],"predecessor-version":[{"id":535,"href":"https:\/\/permisnantes.fr\/index.php\/wp-json\/wp\/v2\/pages\/298\/revisions\/535"}],"wp:attachment":[{"href":"https:\/\/permisnantes.fr\/index.php\/wp-json\/wp\/v2\/media?parent=298"}],"curies":[{"name":"wp","href":"https:\/\/api.w.org\/{rel}","templated":true}]}}