{"id":56,"date":"2016-02-17T20:20:49","date_gmt":"2016-02-17T19:20:49","guid":{"rendered":"http:\/\/permisnantes.fr\/?page_id=56"},"modified":"2024-10-17T21:17:00","modified_gmt":"2024-10-17T20:17:00","slug":"code-internet","status":"publish","type":"page","link":"https:\/\/permisnantes.fr\/index.php\/code-internet\/","title":{"rendered":"Code Internet"},"content":{"rendered":"<p style=\"text-align: center;\"><img decoding=\"async\" loading=\"lazy\" class=\"\" src=\"http:\/\/permisnantes.fr\/wp-content\/uploads\/2016\/02\/road-and-traffic-2.jpg\" width=\"569\" height=\"244\" \/><\/p>\n<p style=\"text-align: center;\">Conscients des obligations de chacun, l&rsquo;auto-\u00e9cole Pilote \u00e0 Nantes vous propose 1 acc\u00e8s au code pour vous pr\u00e9parer \u00e0 l&rsquo;examen th\u00e9orique g\u00e9n\u00e9ral (<em><strong>ETG<\/strong><\/em>)\u00a0:<\/p>\n<p style=\"text-align: center;\">&#8212;&#8212;&#8212;&#8212;&#8212;&#8212;&#8211;<\/p>\n<p style=\"text-align: center;\"><em><strong>\u00a0Code Internet :<br \/>\n<\/strong><\/em><br \/>\nCette formule vous donne un acc\u00e8s, de chez vous, \u00e0 de nombreux cours de code,<br \/>\net \u00e0\u00a0une centaine\u00a0de s\u00e9ries\u00a0tests, afin de vous exercer en ligne.<\/p>\n<p style=\"text-align: center;\">&#8212;&#8212;&#8212;&#8212;&#8212;&#8212;&#8211;<\/p>\n<p>&nbsp;<\/p>\n<hr \/>\n<p style=\"text-align: center;\"><em><strong>Forfait Code Internet\u00a0 : 100\u20ac<br \/>\n<\/strong><\/em><\/p>\n<h4 style=\"text-align: center;\"><a href=\"http:\/\/permisnantes.fr\/index.php\/inscription-dossier\/\"><em><strong>PI\u00c8CES A FOURNIR &#8211; DOSSIER D&rsquo;INSCRIPTION<\/strong><\/em><\/a><\/h4>\n<p>&nbsp;<\/p>\n<p style=\"text-align: center;\"><em><strong>CONTACT MAIL : permisnantes@gmail.com<\/strong><\/em><\/p>\n<p style=\"text-align: center;\">\u00a0&#8211; AUTO ECOLE PILOTE NANTES &#8211;<br \/>\n<em><strong>21 Boulevard Amiral Courbet,\u00a044000 NANTES<\/strong><\/em><\/p>\n<p style=\"text-align: center;\"><em><strong>Tram Ligne 2 Motte-Rouge &amp; St F\u00e9lix, <\/strong><\/em><em><strong>quartier Michelet, Perverie, Rond-Point de Rennes<\/strong><\/em><\/p>\n","protected":false},"excerpt":{"rendered":"<p>Conscients des obligations de chacun, l&rsquo;auto-\u00e9cole Pilote \u00e0 Nantes vous propose 1 acc\u00e8s au code pour vous pr\u00e9parer \u00e0 l&rsquo;examen th\u00e9orique g\u00e9n\u00e9ral (ETG)\u00a0: &#8212;&#8212;&#8212;&#8212;&#8212;&#8212;&#8211; \u00a0Code Internet : Cette formule vous donne un acc\u00e8s, de chez vous, \u00e0 de nombreux cours <a class=\"more-link\" href=\"https:\/\/permisnantes.fr\/index.php\/code-internet\/\">Lire plus<\/a><\/p>\n","protected":false},"author":1,"featured_media":0,"parent":0,"menu_order":0,"comment_status":"closed","ping_status":"closed","template":"","meta":[],"_links":{"self":[{"href":"https:\/\/permisnantes.fr\/index.php\/wp-json\/wp\/v2\/pages\/56"}],"collection":[{"href":"https:\/\/permisnantes.fr\/index.php\/wp-json\/wp\/v2\/pages"}],"about":[{"href":"https:\/\/permisnantes.fr\/index.php\/wp-json\/wp\/v2\/types\/page"}],"author":[{"embeddable":true,"href":"https:\/\/permisnantes.fr\/index.php\/wp-json\/wp\/v2\/users\/1"}],"replies":[{"embeddable":true,"href":"https:\/\/permisnantes.fr\/index.php\/wp-json\/wp\/v2\/comments?post=56"}],"version-history":[{"count":24,"href":"https:\/\/permisnantes.fr\/index.php\/wp-json\/wp\/v2\/pages\/56\/revisions"}],"predecessor-version":[{"id":422,"href":"https:\/\/permisnantes.fr\/index.php\/wp-json\/wp\/v2\/pages\/56\/revisions\/422"}],"wp:attachment":[{"href":"https:\/\/permisnantes.fr\/index.php\/wp-json\/wp\/v2\/media?parent=56"}],"curies":[{"name":"wp","href":"https:\/\/api.w.org\/{rel}","templated":true}]}}