{"id":68,"date":"2016-02-17T21:21:47","date_gmt":"2016-02-17T20:21:47","guid":{"rendered":"http:\/\/permisnantes.fr\/?page_id=68"},"modified":"2026-01-02T20:17:44","modified_gmt":"2026-01-02T19:17:44","slug":"accueil","status":"publish","type":"page","link":"https:\/\/permisnantes.fr\/","title":{"rendered":"Accueil"},"content":{"rendered":"<div class=\"col-2 col-2-1\" style=\"text-align: center;\"><\/div>\n<div class=\"col-2 col-2-1\" style=\"text-align: center;\">\n<div dir=\"ltr\">\n<div>\n<div>\n<div>\n<div>\n<div>\n<div>\n<div>\n<div>\n<h1 style=\"padding-left: 30px;\"><strong>\u00a0<i><u>L&rsquo;\u00e9quipe PILOTE NANTES<\/u><\/i><\/strong><\/h1>\n<\/div>\n<\/div>\n<\/div>\n<\/div>\n<\/div>\n<\/div>\n<\/div>\n<\/div>\n<div><\/div>\n<\/div>\n<\/div>\n<p style=\"text-align: center;\"><img decoding=\"async\" loading=\"lazy\" class=\"alignnone wp-image-347\" src=\"http:\/\/permisnantes.fr\/wp-content\/uploads\/2016\/02\/20190204_102450-300x169.jpg\" alt=\"\" width=\"649\" height=\"366\" \/><\/p>\n<div class=\"col-2 col-2-1\" style=\"text-align: center;\">\n<p><strong>LE PERMIS DE CONDUIRE, PLUS VITE, MOINS CHER !<\/strong><\/p>\n<p><em>Depuis le 1er Janvier 2017, le minimum d\u2019heures l\u00e9gal de conduite pour passer le permis de conduire \u00a0en <strong>boite automatique<\/strong> est pass\u00e9 de 20h, \u00e0 <strong>13h<\/strong>.<br \/>\n<em>Ce qui en plus d\u2019\u00eatre bien plus simple que le permis boite manuelle, rend l\u2019<strong>acc\u00e8s au permis plus rapide, et moins cher.<\/strong><\/em><\/em><\/p>\n<p><em>Pour ceux qui d\u00e9sirent conduire un v\u00e9hicule \u00e0 boite manuelle par la suite,<\/em><em> apr\u00e8s l\u2019obtention du permis boite automatique, il suffit de faire un stage d\u2019une dur\u00e9e de <strong>7h<\/strong> sur boite manuelle,<br \/>\n<\/em><em>afin de transformer instantan\u00e9ment votre permis restrictif, en permis traditionnel.<\/em><\/p>\n<p style=\"text-align: center;\"><a href=\"http:\/\/permisnantes.fr\/index.php\/permis-b-traditionnel\/\">\u00a0<\/a>Nathalie KERBEKIAN, monitrice depuis 20 ans,<em>\u00a0vous accueille dans le quartier de Michelet Saint-F\u00e9lix et Motte-rouge, \u00e0 l&rsquo;auto-\u00e9cole PILOTE.<\/em><\/p>\n<\/div>\n<p style=\"text-align: center;\"><em><strong>Le groupe \u00ab\u00a0France t\u00e9l\u00e9vision\u00a0\u00bb s&rsquo;est int\u00e9ress\u00e9 \u00e0 notre \u00e9tablissement il y a quelques jours de cela,<\/strong><\/em><br \/>\n<em><strong> et a r\u00e9alis\u00e9 un petit article vid\u00e9o concernant le m\u00e9tier de moniteur auto-\u00e9cole,<\/strong><\/em><br \/>\n<em><strong> au travers de l&rsquo;\u00e9mission \u00ab\u00a0c&rsquo;est mon m\u00e9tier\u00a0\u00bb.<\/strong><\/em><\/p>\n<p style=\"text-align: center;\"><a href=\"https:\/\/www.facebook.com\/france3pdl\/posts\/3155575934471689?__xts__%5B0%5D=68.ARDhviAcMVuJN0ibhmWYFfH-2mVoNClMjgXVHxDDAulaC8guNENmwrElLop0hRQlQEiXY1Wl4dNZK61GAdPYmIZjrxhJ1CtBYXvBitUpNgCHmgCx0-xoey8qPYT99wbCOQuOCxoPU8hTpcdKS1VxlsLe0ga3aviokS3Yab-p9e1xISBIVBqo1lGWnYlnrgsIfX1Bv__Fq5YkmVpbAjd6LvBhWgIxr1KHsMGKnlhuWCUgwkK2MM0bhc_z3UW6hIqvBGYzefHIIhtrx6OsXq-RJUGUAgfLvNOwNLBlFOCTozkdm9wWK0AtBo_bXDvYkK5jKvwZkNj7oJc94rhq2SmCXvnpcrfBE3syzTryLAYvnIyzxzNQhEy_xYerrhu5q3F_LzGH0C3Kp8N2iwDRtaeKo7FGN2ruuz9YK3-1hEb363CaDdq8imL4QNzv_gEjw-UOjSMlsBCMNR9qUoULyg799u-4VwBoEAoi15Ry9lGMg8oOAwqb8rutEzQeHqsxahFnsQOF&amp;__tn__=K-R\">Visionner &gt;&gt;&gt;\u00a0 https:\/\/m.facebook.com\/story.php?story_fbid=3155575934471689&amp;id=189747914387854<\/a><\/p>\n<div class=\"col-2 col-2-1\" style=\"text-align: center;\">\n<p style=\"text-align: center;\"><em>\u00a0 \u00a0 \u00a0Les\u00a0\u00a0 <strong>futurs \u00a0 conducteurs<\/strong>\u00a0 sont\u00a0 les\u00a0 bienvenus\u00a0 pour\u00a0 passer\u00a0 leur \u00a0 <strong>Permis B,<\/strong> ainsi\u00a0 que\u00a0 <strong>la Conduite Accompagn\u00e9e \u00a0 (AAC)<\/strong> ou\u00a0 encore\u00a0 <strong>la Conduite Supervis\u00e9e \u00a0 (CS). <\/strong><\/em><\/p>\n<p><img decoding=\"async\" loading=\"lazy\" class=\"alignnone wp-image-342\" src=\"http:\/\/permisnantes.fr\/wp-content\/uploads\/2016\/02\/34936083_1553114041480960_6955701537326759936_n-300x169.png\" alt=\"\" width=\"1194\" height=\"673\" \/><\/p>\n<p style=\"text-align: center;\"><em><strong><span style=\"text-decoration: underline;\">Nos horaires d&rsquo;ouverture (accueil bureau)<\/span> :<\/strong> <\/em><\/p>\n<p style=\"text-align: center;\">Du lundi au vendredi de 17h \u00e0 18h30<\/p>\n<p style=\"text-align: center;\"><em><span style=\"text-decoration: underline;\"><strong>Conduite<\/strong><\/span><\/em> : du lundi au vendredi de 9h \u00e0 18h30<\/p>\n<p style=\"text-align: center;\"><em><strong>Nous trouver :<\/strong><\/em><\/p>\n<\/div>\n<p style=\"text-align: center;\"><em><strong>Auto-\u00e9cole Pilote<\/strong><\/em><br \/>\n<em><strong> 21 Boulevard Amiral Courbet,\u00a044000 NANTES<\/strong><\/em><br \/>\n<em><strong> Entre les arr\u00eats de Tram Ligne 2 Motte-Rouge &amp; St F\u00e9lix<\/strong><\/em><br \/>\n<em><strong> T\u00e9l\u00e9phone:\u00a0\u00a0 02 40 74 93 54<br \/>\n<\/strong><\/em><\/p>\n<p style=\"text-align: center;\"><em><strong>CONTACT MAIL : permisnantes@gmail.com<\/strong><\/em><\/p>\n<p style=\"text-align: center;\"><em><strong>\u00a0Agr E1804400010<br \/>\n<\/strong><strong>SIRET 833 139 983 00013<br \/>\n<\/strong><\/em><\/p>\n","protected":false},"excerpt":{"rendered":"<p>\u00a0L&rsquo;\u00e9quipe PILOTE NANTES LE PERMIS DE CONDUIRE, PLUS VITE, MOINS CHER ! Depuis le 1er Janvier 2017, le minimum d\u2019heures l\u00e9gal de conduite pour passer le permis de conduire \u00a0en boite automatique est pass\u00e9 de 20h, \u00e0 13h. Ce qui <a class=\"more-link\" href=\"https:\/\/permisnantes.fr\/\">Lire plus<\/a><\/p>\n","protected":false},"author":1,"featured_media":0,"parent":0,"menu_order":0,"comment_status":"closed","ping_status":"closed","template":"","meta":[],"_links":{"self":[{"href":"https:\/\/permisnantes.fr\/index.php\/wp-json\/wp\/v2\/pages\/68"}],"collection":[{"href":"https:\/\/permisnantes.fr\/index.php\/wp-json\/wp\/v2\/pages"}],"about":[{"href":"https:\/\/permisnantes.fr\/index.php\/wp-json\/wp\/v2\/types\/page"}],"author":[{"embeddable":true,"href":"https:\/\/permisnantes.fr\/index.php\/wp-json\/wp\/v2\/users\/1"}],"replies":[{"embeddable":true,"href":"https:\/\/permisnantes.fr\/index.php\/wp-json\/wp\/v2\/comments?post=68"}],"version-history":[{"count":64,"href":"https:\/\/permisnantes.fr\/index.php\/wp-json\/wp\/v2\/pages\/68\/revisions"}],"predecessor-version":[{"id":514,"href":"https:\/\/permisnantes.fr\/index.php\/wp-json\/wp\/v2\/pages\/68\/revisions\/514"}],"wp:attachment":[{"href":"https:\/\/permisnantes.fr\/index.php\/wp-json\/wp\/v2\/media?parent=68"}],"curies":[{"name":"wp","href":"https:\/\/api.w.org\/{rel}","templated":true}]}}